{"id":1588,"date":"2023-04-19T11:32:25","date_gmt":"2023-04-19T09:32:25","guid":{"rendered":"https:\/\/test02.mrssporty.uvensys.net\/club\/mistelbach\/?page_id=1588"},"modified":"2023-07-23T03:19:20","modified_gmt":"2023-07-23T01:19:20","slug":"kontakt","status":"publish","type":"page","link":"https:\/\/staging.mrssporty.at\/club\/mistelbach\/kontakt\/","title":{"rendered":"Kontakt"},"content":{"rendered":"<div  id=\"Stage\" class=\"dynamic\">\n<div id=\"greyd-69db1b8b35391\"  class=\"gs_F3VWqf row_wrap has-background\"><div id='bg_69db1b8b34626' class='greyd-background bg_full'>\n\t\t\t\t\t\t\t\t<div class='bg_gradient'><\/div><div class='bg_image' ><\/div>\n\t\t\t\t\t\t\t\t<div class='bg_overlay_color'><\/div>\n\t\t\t\t\t\t\t\t\n\t\t\t\t\t\t\t\t<div class='bg_seperator' style='opacity: 1;'><div class='sep_bottom' style='height: 10vh; z-index: 0'><svg width=\"100%\" height=\"100%\" viewBox=\"0 0 1440 57\" fill=\"#f3edf2\" xmlns=\"http:\/\/www.w3.org\/2000\/svg\" preserveAspectRatio=\"none\"><path d=\"M0 15.9216V0H1440V57C1176.57 21.0767 855.921 0 510.007 0C331.849 0 160.39 5.5909 0 15.9216Z\"\/><\/svg><\/div><\/div>\n\t\t\t\t\t\t\t<\/div>\n<div class=\"wp-block-columns are-vertically-aligned-top row_xxl dyn has-color-62-color has-text-color has-background is-layout-flex wp-container-core-columns-is-layout-9d6595d7 wp-block-columns-is-layout-flex\">\n<div class=\"wp-block-column is-vertically-aligned-top col-12 col-md-9 order-1 order-md-0 is-layout-flow wp-block-column-is-layout-flow\">\n<div class=\"wp-block-greyd-box gs_7eyx0F greyd-content-box gs_7eyx0F\" style=\"margin-right: auto !important; \">\n<h1 class=\"wp-block-heading herohead dyn has-h-1-font-size gs_A7E83d\" id=\"block-31271392-777f-4420-bd41-2744e00c63d8\" style=\"font-style:normal;font-weight:700\">Kontakt<\/h1>\n\n\n\n\n\n\n\n\n<\/div>\n<\/div>\n\n\n\n<div class=\"wp-block-column is-vertically-aligned-top col-12 col-sm-auto order-0 order-md-1 is-layout-flow wp-block-column-is-layout-flow\">\n<div class=\"wp-block-group gs_gIFqxu group_wrap\"><div class=\"wp-block-group__inner-container is-layout-constrained wp-block-group-is-layout-constrained\"><\/div><\/div>\n<\/div>\n\n\n\n<div id=\"greyd-69db1b8b345b2\" class=\"wp-block-column is-vertically-aligned-top col-12 col-sm-12 col-md-12 col-lg-12 order-2 is-layout-flow wp-block-column-is-layout-flow\" style=\"padding-top:var(--wp--preset--spacing--60);padding-right:0;padding-bottom:0;padding-left:0\">\n<div class=\"wp-block-group is-content-justification-right is-nowrap is-layout-flex wp-container-core-group-is-layout-fd526d70 wp-block-group-is-layout-flex gs_io2rmp group_wrap\">\n\n\n\n<figure style=\"\" class=\"wp-block-image greyd-image dyn alignright gs_tqvbQv\"><img loading=\"lazy\" decoding=\"async\" width=\"340\" height=\"346\" src=\"https:\/\/staging.mrssporty.at\/club\/mistelbach\/wp-content\/uploads\/sites\/126\/2023\/01\/badge_hygienekonzept.png\" class=\"wp-image-376\" alt=\"badge_hygienekonzept\" srcset=\"https:\/\/staging.mrssporty.at\/club\/mistelbach\/wp-content\/uploads\/sites\/126\/2023\/01\/badge_hygienekonzept.png 340w, https:\/\/staging.mrssporty.at\/club\/mistelbach\/wp-content\/uploads\/sites\/126\/2023\/01\/badge_hygienekonzept-295x300.png 295w\" sizes=\"auto, (max-width: 340px) 100vw, 340px\" \/><\/figure>\n\n<\/div>\n<\/div>\n<\/div>\n<\/div>\n\n\n<\/div>\n\n<div  id=\"Kontakt\" class=\"dynamic row_xxxl\"><div  class=\"gs_dGY7ck row_wrap has-background\"><div id='bg_69db1b8b378a7' class='greyd-background bg_full'>\n\t\t\t\t\t\t\t\t<div class='bg_color'><\/div>\n\t\t\t\t\t\t\t\t\n\t\t\t\t\t\t\t\t\n\t\t\t\t\t\t\t\t<div class='bg_seperator' style='opacity: 1;'><div class='sep_bottom' style='height: 3vw; z-index: 0'><svg width=\"100%\" height=\"100%\" viewBox=\"0 0 1440 97\" fill=\"#ffffff\" xmlns=\"http:\/\/www.w3.org\/2000\/svg\" preserveAspectRatio=\"none\"><path d=\"M1440 69.9054V0H0C263.426 61.1326 584.079 97 929.993 97C1108.15 97 1279.61 87.4856 1440 69.9054Z\" \/><\/svg><\/div><\/div>\n\t\t\t\t\t\t\t<\/div>\n<div class=\"wp-block-columns row_xxl has-color-31-color has-color-43-background-color has-text-color has-background is-layout-flex wp-container-core-columns-is-layout-9d6595d7 wp-block-columns-is-layout-flex\" id=\"Kontakt\">\n<div class=\"wp-block-column col-12 col-sm-auto is-layout-flow wp-block-column-is-layout-flow\">\n<h2 class=\"has-color-31-color has-text-color has-h-2-font-size wp-block-heading gs_sfEs2z\" style=\"font-style:normal;font-weight:700\">Kontakt und \u00d6ffnungszeiten<\/h2>\n\n\n<div  class=\"gs_YQ3xv0 row_wrap\">\n<div class=\"wp-block-columns row_xxl is-layout-flex wp-container-core-columns-is-layout-9d6595d7 wp-block-columns-is-layout-flex\">\n<div class=\"wp-block-column col-12 col-sm-4 col-md-4 is-layout-flow wp-block-column-is-layout-flow\" style=\"padding-bottom:10px\"><figure style=\"\" class=\"wp-block-image greyd-image clrlila shownone  gs_aSUcZa\"><img decoding=\"async\" src=\"https:\/\/staging.mrssporty.at\/club\/mistelbach\/wp-content\/uploads\/sites\/126\/2023\/04\/icn_phone.svg\" class=\"wp-image-3552\" alt=\"icn_phone\" \/><\/figure>\n\n\n<p class=\"has-h-5-font-size gs_mQYxTo\" style=\"font-style:normal;font-weight:700\">Kontakt<\/p>\n\n\n\n<p class=\"gs_nZmDdi\">Inhaber: <span data-tag=\"gdt-stammdaten-Inhaber\" data-params=\"&quot;&quot;\" class=\"is-tag\">Inhaber<\/span><br><span data-tag=\"gdt-stammdaten-Strasse\" data-params=\"&quot;&quot;\" class=\"is-tag\">Stra\u00dfe &amp; Hausnummer<\/span><br><span data-tag=\"gdt-stammdaten-PLZ\" data-params=\"&quot;&quot;\" class=\"is-tag\">PLZ<\/span> <span data-tag=\"gdt-stammdaten-Stadt\" data-params=\"&quot;&quot;\" class=\"is-tag\">Stadt<\/span><\/p>\n\n\n\n<p><a href=\"tel:+43664 994 76 675\" style=\"color:inherit;\"><span aria-hidden=\"true\" class=\"icon_phone\" style=\"pointer-events:none;color:inherit;margin-right:5px\"><\/span><span style=\"text-decoration:underline\">+43664 994 76 675<\/span><\/a>, WhatsApp:&nbsp;<a href=\"tel:+43664 994 76 675\" style=\"color:inherit;\"><span aria-hidden=\"true\" class=\"icon_phone\" style=\"pointer-events:none;color:inherit;margin-right:5px\"><\/span><span style=\"text-decoration:underline\">+43664 994 76 675<\/span><\/a><\/p>\n\n\n\n<p class=\"gs_o3FPp3\"><a href=\"mailto:club540@club.mrssporty.at\" style=\"color:inherit;\"><span aria-hidden=\"true\" class=\"icon_mail\" style=\"pointer-events:none;color:inherit;margin-right:5px\"><\/span><span style=\"text-decoration:underline\">club540@club.mrssporty.at<\/span><\/a><\/p>\n\n\n\n<div class=\"wp-block-greyd-buttons alignleft\">\n<a role=\"button\" tabindex=\"0\" onclick=\"popups.btnToggle(&quot;#popup_3544&quot;);\" class=\"button is-style-sec gs_qRVzLj \">Kontaktformular<\/a>\n<\/div>\n<\/div>\n\n\n\n<div class=\"wp-block-column col-12 col-sm-8 col-md-8 is-layout-flow wp-block-column-is-layout-flow\"><div  class=\"row_wrap\">\n<div class=\"wp-block-columns row_xxl is-layout-flex wp-container-core-columns-is-layout-9d6595d7 wp-block-columns-is-layout-flex\">\n<div class=\"wp-block-column col-12 col-sm-6 col-md-6 is-layout-flow wp-block-column-is-layout-flow\"><figure style=\"\" class=\"wp-block-image greyd-image clrlila shownone  gs_1OVqJb\"><img decoding=\"async\" src=\"https:\/\/staging.mrssporty.at\/club\/mistelbach\/wp-content\/uploads\/sites\/126\/2023\/01\/icn_oe-zeiten.svg\" class=\"wp-image-3553\" alt=\"icn_oe-zeiten\" \/><\/figure>\n\n\n<p class=\"has-h-5-font-size gs_tnyvDi\" style=\"font-style:normal;font-weight:700\">Trainingszeiten<\/p>\n\n\n\n<p class=\"gs_aVCKsG\"><span data-tag=\"gdt-stammdaten-Trainingszeiten\" data-params=\"&quot;&quot;\" class=\"is-tag\">Trainingszeiten<\/span><\/p>\n<\/div>\n\n\n\n<div class=\"wp-block-column col-12 col-sm-6 col-md-6 is-layout-flow wp-block-column-is-layout-flow\"><figure style=\"\" class=\"wp-block-image greyd-image clrlila shownone  gs_v8mrqA\"><img decoding=\"async\" src=\"https:\/\/staging.mrssporty.at\/club\/mistelbach\/wp-content\/uploads\/sites\/126\/2023\/01\/icn_beratung.svg\" class=\"wp-image-3554\" alt=\"icn_beratung\" \/><\/figure>\n\n\n<p class=\"has-color-31-color has-text-color has-h-5-font-size gs_1ZSbQe\" style=\"font-style:normal;font-weight:700\">Beratungs- und Anmeldezeiten<\/p>\n\n\n\n<div class=\"wp-block-greyd-accordion gs_DlxKDx hasiconleft\" data-autoclose=\"false\" data-openfirst=\"false\">\n<div class=\"wp-block-greyd-accordion-item\"><button class=\"wp-block-greyd-accordion__title\" role=\"button\" aria-expanded=\"false\" aria-controls=\"sect-irae-1\" id=\"title-irae-1\"><span>Heute nur trainieren<\/span><span class=\"icon icon-normal arrow_triangle-right\" aria-hidden=\"true\"><\/span><span class=\"icon icon-active arrow_triangle-down\" aria-hidden=\"true\"><\/span><\/button><div class=\"wp-block-greyd-accordion__content\" role=\"region\" id=\"sect-irae-1\" aria-labelledby=\"title-irae-1\"><div  class=\"row_wrap\">\n<div class=\"wp-block-columns is-not-stacked-on-mobile row_xxl is-layout-flex wp-container-core-columns-is-layout-9d6595d7 wp-block-columns-is-layout-flex\">\n<div class=\"wp-block-column col-2 is-layout-flow wp-block-column-is-layout-flow\" style=\"padding-right:0px\">\n<p class=\"gs_Bx2Rtv\">Mo<\/p>\n<\/div>\n\n\n\n<div class=\"wp-block-column col-10 is-layout-flow wp-block-column-is-layout-flow\">\n<p class=\"gs_1OSb6Y\"><span data-tag=\"gdt-stammdaten-Montag\" data-params=\"&quot;&quot;\" class=\"is-tag\">Montag<\/span><\/p>\n<\/div>\n\n\n\n<div class=\"wp-block-column col-2 is-layout-flow wp-block-column-is-layout-flow\">\n<p class=\"gs_0t8epD\">Di<\/p>\n<\/div>\n\n\n\n<div class=\"wp-block-column col-10 is-layout-flow wp-block-column-is-layout-flow\">\n<p class=\"gs_OvWBnD\"><span data-tag=\"gdt-stammdaten-Dienstag\" data-params=\"&quot;&quot;\" class=\"is-tag\">Dienstag<\/span><\/p>\n<\/div>\n\n\n\n<div class=\"wp-block-column col-2 is-layout-flow wp-block-column-is-layout-flow\">\n<p class=\"gs_v91mg5\">Mi<\/p>\n<\/div>\n\n\n\n<div class=\"wp-block-column col-10 is-layout-flow wp-block-column-is-layout-flow\">\n<p class=\"gs_q5f9M1\"><span data-tag=\"gdt-stammdaten-Mittwoch\" data-params=\"&quot;&quot;\" class=\"is-tag\">Mittwoch<\/span><\/p>\n<\/div>\n\n\n\n<div class=\"wp-block-column col-2 is-layout-flow wp-block-column-is-layout-flow\">\n<p class=\"gs_O9JJA2\">Do<\/p>\n<\/div>\n\n\n\n<div class=\"wp-block-column col-10 is-layout-flow wp-block-column-is-layout-flow\">\n<p class=\"gs_vGUaPj\"><span data-tag=\"gdt-stammdaten-Donnerstag\" data-params=\"&quot;&quot;\" class=\"is-tag\">Donnerstag<\/span><\/p>\n<\/div>\n\n\n\n<div class=\"wp-block-column col-2 is-layout-flow wp-block-column-is-layout-flow\">\n<p class=\"gs_3eNJZe\">Fr<\/p>\n<\/div>\n\n\n\n<div class=\"wp-block-column col-10 is-layout-flow wp-block-column-is-layout-flow\">\n<p class=\"gs_XbVxmb\"><span data-tag=\"gdt-stammdaten-Freitag\" data-params=\"&quot;&quot;\" class=\"is-tag\">Freitag<\/span><\/p>\n<\/div>\n\n\n\n<div class=\"wp-block-column col-2 is-layout-flow wp-block-column-is-layout-flow\">\n<p class=\"gs_8LsSql\">Sa<\/p>\n<\/div>\n\n\n\n<div class=\"wp-block-column col-10 is-layout-flow wp-block-column-is-layout-flow\">\n<p class=\"gs_VXOxKE\"><span data-tag=\"gdt-stammdaten-Samstag\" data-params=\"&quot;&quot;\" class=\"is-tag\">Samstag<\/span><\/p>\n<\/div>\n\n\n\n<div class=\"wp-block-column col-2 is-layout-flow wp-block-column-is-layout-flow\">\n<p class=\"gs_3zy3n5\">So<\/p>\n<\/div>\n\n\n\n<div class=\"wp-block-column col-10 is-layout-flow wp-block-column-is-layout-flow\">\n<p class=\"gs_kFGJn4\"><span data-tag=\"gdt-stammdaten-Sonntag\" data-params=\"&quot;&quot;\" class=\"is-tag\">Sonntag<\/span><\/p>\n<\/div>\n<\/div>\n<\/div><\/div><\/div>\n<style class=\"greyd-styles\">.gs_DlxKDx .wp-block-greyd-accordion-item { --accord-padding: 8px 0px 0px 0px; --accord-title-bg-color: var(--color63); --accord-title-text-color: var(--color62); --accord-bg-color: var(--color63); --accord-content-padding: 20px 28px 0px 29px; --accord-title-text-color: var(--color31); --accord-text-color: var(--color31); } @media (max-width: 991.98px) { .gs_DlxKDx .wp-block-greyd-accordion-item { --accord-content-padding: 8px 0px 0px 0px; } } <\/style><\/div>\n<\/div>\n<\/div>\n<\/div><\/div>\n<\/div>\n<\/div><\/div>\n<\/div>\n<\/div><\/div>\n\n<div  class=\"row_wrap has-background\"><div id='bg_69db1b8b37c05' class='greyd-background bg_full'>\n\t\t\t\t\t\t\t\t<div class='bg_color'><\/div>\n\t\t\t\t\t\t\t\t\n\t\t\t\t\t\t\t\t\n\t\t\t\t\t\t\t\t\n\t\t\t\t\t\t\t<\/div>\n<div class=\"wp-block-columns row_xxxl has-color-63-background-color has-background is-layout-flex wp-container-core-columns-is-layout-9d6595d7 wp-block-columns-is-layout-flex\" id=\"Sp-M\">\n<div class=\"wp-block-column col-12 col-sm-auto is-layout-flow wp-block-column-is-layout-flow\" style=\"flex-basis:100%;width:100%\"><div  class=\"spacer_wrap \" aria-hidden=\"true\"><div class=\"wp-block-spacer inner-sm\" style=\"height:calc(152px * 0.4)\" aria-hidden=\"true\"><\/div><div class=\"wp-block-spacer inner-md\" style=\"height:calc(152px * 0.6)\" aria-hidden=\"true\"><\/div><div class=\"wp-block-spacer inner-lg\" style=\"height:calc(152px * 0.8)\" aria-hidden=\"true\"><\/div><div class=\"wp-block-spacer inner-xl\" style=\"height:152px\" aria-hidden=\"true\"><\/div><\/div><\/div>\n<\/div>\n<\/div>\n\n<div  id=\"Social-Media\" class=\"dynamic row_xxxl\"><div  class=\"gs_JmbUrD row_wrap\">\n<div class=\"wp-block-columns row_xxl is-layout-flex wp-container-core-columns-is-layout-9d6595d7 wp-block-columns-is-layout-flex\">\n<div class=\"wp-block-column col-12 col-sm-12 col-md-8 is-layout-flow wp-block-column-is-layout-flow\">\n<h2 class=\"has-h-3-font-size wp-block-heading gs_9PVsPZ\" style=\"font-style:normal;font-weight:700\">Bleib auf dem Laufenden &amp; folge uns!<br>Alle News aus deinem Fitnessclub erh\u00e4ltst du hier:<\/h2>\n<\/div>\n\n\n\n<div class=\"wp-block-column col-12 col-sm-5 col-md-4 is-layout-flow wp-block-column-is-layout-flow\">\n<div class=\"wp-block-group is-nowrap is-layout-flex wp-container-core-group-is-layout-9123dee2 wp-block-group-is-layout-flex\">\n<div class=\"wp-block-group gs_X45brZ group_wrap\"><div class=\"wp-block-group__inner-container is-layout-constrained wp-block-group-is-layout-constrained\"><figure style=\"\" class=\"wp-block-image greyd-image   gs_qeVOCO\"><a  href=\"https:\/\/www.instagram.com\/mrs_sporty_mistelbach\/\" target=\"_blank\"><img decoding=\"async\" src=\"https:\/\/staging.mrssporty.at\/club\/mistelbach\/wp-content\/uploads\/sites\/126\/2023\/01\/pic_instagram.svg\" class=\"wp-image-414\" alt=\"pic_instagram\" \/><\/a><\/figure><\/div><\/div>\n\n\n\n<div class=\"wp-block-group gs_Qreqtg group_wrap\"><div class=\"wp-block-group__inner-container is-layout-constrained wp-block-group-is-layout-constrained\"><figure style=\"\" class=\"wp-block-image greyd-image   gs_SGbxxz\"><a  href=\"https:\/\/www.facebook.com\/MrsSportyMistelbach\/\" target=\"_blank\"><img decoding=\"async\" src=\"https:\/\/staging.mrssporty.at\/club\/mistelbach\/wp-content\/uploads\/sites\/126\/2023\/01\/pic_facebook.svg\" class=\"wp-image-413\" alt=\"pic_facebook\" \/><\/a><\/figure><\/div><\/div>\n<\/div>\n<\/div>\n<\/div>\n<\/div><\/div>\n\n<div  class=\"row_wrap has-background\"><div id='bg_69db1b8b38754' class='greyd-background bg_full'>\n\t\t\t\t\t\t\t\t<div class='bg_color'><\/div>\n\t\t\t\t\t\t\t\t\n\t\t\t\t\t\t\t\t\n\t\t\t\t\t\t\t\t\n\t\t\t\t\t\t\t<\/div>\n<div class=\"wp-block-columns row_xxxl has-color-63-background-color has-background is-layout-flex wp-container-core-columns-is-layout-9d6595d7 wp-block-columns-is-layout-flex\" id=\"Sp-M\">\n<div class=\"wp-block-column col-12 col-sm-auto is-layout-flow wp-block-column-is-layout-flow\" style=\"flex-basis:100%;width:100%\"><div  class=\"spacer_wrap \" aria-hidden=\"true\"><div class=\"wp-block-spacer inner-sm\" style=\"height:calc(152px * 0.4)\" aria-hidden=\"true\"><\/div><div class=\"wp-block-spacer inner-md\" style=\"height:calc(152px * 0.6)\" aria-hidden=\"true\"><\/div><div class=\"wp-block-spacer inner-lg\" style=\"height:calc(152px * 0.8)\" aria-hidden=\"true\"><\/div><div class=\"wp-block-spacer inner-xl\" style=\"height:152px\" aria-hidden=\"true\"><\/div><\/div><\/div>\n<\/div>\n<\/div>\n\n<div  id=\"Teaserboxen\" class=\"dynamic row_xxxl\"><div  class=\"row_wrap\">\n<div class=\"wp-block-columns row_xxl flex-stretch-content-sm is-layout-flex wp-container-core-columns-is-layout-9d6595d7 wp-block-columns-is-layout-flex\">\n<div class=\"wp-block-column col-12 col-sm-auto dyn is-layout-flow wp-block-column-is-layout-flow\">\n<div class=\"wp-block-group gs_nOzonY group_wrap\"><div class=\"wp-block-group__inner-container is-layout-constrained wp-block-group-is-layout-constrained\">\n<div class=\"wp-block-greyd-box dyn gs_qNB0Bq greyd-content-box gs_qNB0Bq\"><figure style=\"\" class=\"wp-block-image greyd-image clrliladark shownone dyn  gs_o3LcLi\"><img decoding=\"async\" src=\"https:\/\/staging.mrssporty.at\/club\/mistelbach\/wp-content\/uploads\/sites\/126\/2023\/01\/icn_gruender.svg\" class=\"wp-image-428\" alt=\"icn_gruender\" \/><\/figure>\n\n\n<h2 class=\"dyn has-h-4-font-size wp-block-heading gs_s8T4Li\" style=\"font-style:normal;font-weight:700\">Steckt ein*e Gr\u00fcnder*in in dir?<\/h2>\n\n\n\n<p class=\"shownone dyn gs_FVC2UQ\">Besser selbstst\u00e4ndig mit dem gr\u00f6\u00dften europ\u00e4ischen Franchise Frauen-Fitness Konzept.<\/p>\n\n\n\n<div class=\"wp-block-greyd-buttons alignleft\"><a  href=\"https:\/\/www.mrssporty-franchise.at\/\" class=\"button is-style-sec dyn gs_cMEEZW \">Gr\u00fcnde jetzt mit Mrs.Sporty<\/a><\/div>\n<\/div>\n<\/div><\/div>\n<\/div>\n\n\n\n<div class=\"wp-block-column col-12 col-sm-auto dyn is-layout-flow wp-block-column-is-layout-flow\">\n<div class=\"wp-block-greyd-box dyn gs_qNB0Bq greyd-content-box gs_qNB0Bq\"><figure style=\"\" class=\"wp-block-image greyd-image clrliladark shownone dyn  gs_o3LcLi\"><img decoding=\"async\" src=\"https:\/\/staging.mrssporty.at\/club\/mistelbach\/wp-content\/uploads\/sites\/126\/2023\/01\/icn_karriere.svg\" class=\"wp-image-423\" alt=\"icn_karriere\" \/><\/figure>\n\n\n<h2 class=\"dyn has-h-4-font-size wp-block-heading gs_s8T4Li\" style=\"font-style:normal;font-weight:700\">Jobs bei Mrs.Sporty<br><\/h2>\n\n\n\n<p class=\"shownone dyn gs_FVC2UQ\">Mrs.Sporty bringt Bewegung in Deine Karriere. In der Zentrale in Berlin oder in einem unserer Clubs.<\/p>\n\n\n\n<div class=\"wp-block-greyd-buttons alignleft\"><a  href=\"https:\/\/www.mrssporty.at\/karriere\/\" class=\"button is-style-sec dyn gs_cMEEZW \">Jobangebote ansehen<\/a><\/div>\n<\/div>\n<\/div>\n<\/div>\n<\/div><\/div>","protected":false},"excerpt":{"rendered":"","protected":false},"author":3,"featured_media":3088,"parent":0,"menu_order":0,"comment_status":"closed","ping_status":"closed","template":"","meta":{"greyd_block_editor_preview":[],"footnotes":""},"class_list":["post-1588","page","type-page","status-publish","has-post-thumbnail","hentry"],"yoast_head":"<!-- This site is optimized with the Yoast SEO plugin v27.3 - https:\/\/yoast.com\/product\/yoast-seo-wordpress\/ -->\n<title>Kontakt - Mrs.Sporty Club Mistelbach<\/title>\n<meta name=\"robots\" content=\"index, follow, max-snippet:-1, max-image-preview:large, max-video-preview:-1\" \/>\n<link rel=\"canonical\" href=\"https:\/\/staging.mrssporty.at\/club\/mistelbach\/kontakt\/\" \/>\n<meta property=\"og:locale\" content=\"de_DE\" \/>\n<meta property=\"og:type\" content=\"article\" \/>\n<meta property=\"og:title\" content=\"Kontakt - Mrs.Sporty Club Mistelbach\" \/>\n<meta property=\"og:url\" content=\"https:\/\/staging.mrssporty.at\/club\/mistelbach\/kontakt\/\" \/>\n<meta property=\"og:site_name\" content=\"Mrs.Sporty Club Mistelbach\" \/>\n<meta property=\"article:modified_time\" content=\"2023-07-23T01:19:20+00:00\" \/>\n<meta name=\"twitter:card\" content=\"summary_large_image\" \/>\n<script type=\"application\/ld+json\" class=\"yoast-schema-graph\">{\"@context\":\"https:\\\/\\\/schema.org\",\"@graph\":[{\"@type\":\"WebPage\",\"@id\":\"https:\\\/\\\/staging.mrssporty.at\\\/club\\\/mistelbach\\\/kontakt\\\/\",\"url\":\"https:\\\/\\\/staging.mrssporty.at\\\/club\\\/mistelbach\\\/kontakt\\\/\",\"name\":\"Kontakt - Mrs.Sporty Club Mistelbach\",\"isPartOf\":{\"@id\":\"https:\\\/\\\/staging.mrssporty.at\\\/club\\\/mistelbach\\\/#website\"},\"primaryImageOfPage\":{\"@id\":\"https:\\\/\\\/staging.mrssporty.at\\\/club\\\/mistelbach\\\/kontakt\\\/#primaryimage\"},\"image\":{\"@id\":\"https:\\\/\\\/staging.mrssporty.at\\\/club\\\/mistelbach\\\/kontakt\\\/#primaryimage\"},\"thumbnailUrl\":\"https:\\\/\\\/staging.mrssporty.at\\\/club\\\/mistelbach\\\/wp-content\\\/uploads\\\/sites\\\/126\\\/2023\\\/07\\\/1M0A3498.jpg\",\"datePublished\":\"2023-04-19T09:32:25+00:00\",\"dateModified\":\"2023-07-23T01:19:20+00:00\",\"inLanguage\":\"de-AT\",\"potentialAction\":[{\"@type\":\"ReadAction\",\"target\":[\"https:\\\/\\\/staging.mrssporty.at\\\/club\\\/mistelbach\\\/kontakt\\\/\"]}]},{\"@type\":\"ImageObject\",\"inLanguage\":\"de-AT\",\"@id\":\"https:\\\/\\\/staging.mrssporty.at\\\/club\\\/mistelbach\\\/kontakt\\\/#primaryimage\",\"url\":\"https:\\\/\\\/staging.mrssporty.at\\\/club\\\/mistelbach\\\/wp-content\\\/uploads\\\/sites\\\/126\\\/2023\\\/07\\\/1M0A3498.jpg\",\"contentUrl\":\"https:\\\/\\\/staging.mrssporty.at\\\/club\\\/mistelbach\\\/wp-content\\\/uploads\\\/sites\\\/126\\\/2023\\\/07\\\/1M0A3498.jpg\",\"caption\":\"Eine junge Frau trainiert mit vielen anderen Frauen in der Gruppe. Das Workout ist k\u00f6rperlich fordernd, macht aber extrem viel Spa\u00df\"},{\"@type\":\"WebSite\",\"@id\":\"https:\\\/\\\/staging.mrssporty.at\\\/club\\\/mistelbach\\\/#website\",\"url\":\"https:\\\/\\\/staging.mrssporty.at\\\/club\\\/mistelbach\\\/\",\"name\":\"Mrs.Sporty Club Mistelbach\",\"description\":\"\",\"publisher\":{\"@id\":\"https:\\\/\\\/staging.mrssporty.at\\\/club\\\/mistelbach\\\/#organization\"},\"potentialAction\":[{\"@type\":\"SearchAction\",\"target\":{\"@type\":\"EntryPoint\",\"urlTemplate\":\"https:\\\/\\\/staging.mrssporty.at\\\/club\\\/mistelbach\\\/?s={search_term_string}\"},\"query-input\":{\"@type\":\"PropertyValueSpecification\",\"valueRequired\":true,\"valueName\":\"search_term_string\"}}],\"inLanguage\":\"de-AT\"},{\"@type\":\"Organization\",\"@id\":\"https:\\\/\\\/staging.mrssporty.at\\\/club\\\/mistelbach\\\/#organization\",\"name\":\"Mrs.Sporty Club Mistelbach\",\"url\":\"https:\\\/\\\/staging.mrssporty.at\\\/club\\\/mistelbach\\\/\",\"logo\":{\"@type\":\"ImageObject\",\"inLanguage\":\"de-AT\",\"@id\":\"https:\\\/\\\/staging.mrssporty.at\\\/club\\\/mistelbach\\\/#\\\/schema\\\/logo\\\/image\\\/\",\"url\":\"https:\\\/\\\/staging.mrssporty.at\\\/club\\\/mistelbach\\\/wp-content\\\/uploads\\\/sites\\\/126\\\/2023\\\/04\\\/Logo-Sporty.svg\",\"contentUrl\":\"https:\\\/\\\/staging.mrssporty.at\\\/club\\\/mistelbach\\\/wp-content\\\/uploads\\\/sites\\\/126\\\/2023\\\/04\\\/Logo-Sporty.svg\",\"caption\":\"Mrs.Sporty Club Mistelbach\"},\"image\":{\"@id\":\"https:\\\/\\\/staging.mrssporty.at\\\/club\\\/mistelbach\\\/#\\\/schema\\\/logo\\\/image\\\/\"}}]}<\/script>\n<!-- \/ Yoast SEO plugin. -->","yoast_head_json":{"title":"Kontakt - Mrs.Sporty Club Mistelbach","robots":{"index":"index","follow":"follow","max-snippet":"max-snippet:-1","max-image-preview":"max-image-preview:large","max-video-preview":"max-video-preview:-1"},"canonical":"https:\/\/staging.mrssporty.at\/club\/mistelbach\/kontakt\/","og_locale":"de_DE","og_type":"article","og_title":"Kontakt - Mrs.Sporty Club Mistelbach","og_url":"https:\/\/staging.mrssporty.at\/club\/mistelbach\/kontakt\/","og_site_name":"Mrs.Sporty Club Mistelbach","article_modified_time":"2023-07-23T01:19:20+00:00","twitter_card":"summary_large_image","schema":{"@context":"https:\/\/schema.org","@graph":[{"@type":"WebPage","@id":"https:\/\/staging.mrssporty.at\/club\/mistelbach\/kontakt\/","url":"https:\/\/staging.mrssporty.at\/club\/mistelbach\/kontakt\/","name":"Kontakt - Mrs.Sporty Club Mistelbach","isPartOf":{"@id":"https:\/\/staging.mrssporty.at\/club\/mistelbach\/#website"},"primaryImageOfPage":{"@id":"https:\/\/staging.mrssporty.at\/club\/mistelbach\/kontakt\/#primaryimage"},"image":{"@id":"https:\/\/staging.mrssporty.at\/club\/mistelbach\/kontakt\/#primaryimage"},"thumbnailUrl":"https:\/\/staging.mrssporty.at\/club\/mistelbach\/wp-content\/uploads\/sites\/126\/2023\/07\/1M0A3498.jpg","datePublished":"2023-04-19T09:32:25+00:00","dateModified":"2023-07-23T01:19:20+00:00","inLanguage":"de-AT","potentialAction":[{"@type":"ReadAction","target":["https:\/\/staging.mrssporty.at\/club\/mistelbach\/kontakt\/"]}]},{"@type":"ImageObject","inLanguage":"de-AT","@id":"https:\/\/staging.mrssporty.at\/club\/mistelbach\/kontakt\/#primaryimage","url":"https:\/\/staging.mrssporty.at\/club\/mistelbach\/wp-content\/uploads\/sites\/126\/2023\/07\/1M0A3498.jpg","contentUrl":"https:\/\/staging.mrssporty.at\/club\/mistelbach\/wp-content\/uploads\/sites\/126\/2023\/07\/1M0A3498.jpg","caption":"Eine junge Frau trainiert mit vielen anderen Frauen in der Gruppe. Das Workout ist k\u00f6rperlich fordernd, macht aber extrem viel Spa\u00df"},{"@type":"WebSite","@id":"https:\/\/staging.mrssporty.at\/club\/mistelbach\/#website","url":"https:\/\/staging.mrssporty.at\/club\/mistelbach\/","name":"Mrs.Sporty Club Mistelbach","description":"","publisher":{"@id":"https:\/\/staging.mrssporty.at\/club\/mistelbach\/#organization"},"potentialAction":[{"@type":"SearchAction","target":{"@type":"EntryPoint","urlTemplate":"https:\/\/staging.mrssporty.at\/club\/mistelbach\/?s={search_term_string}"},"query-input":{"@type":"PropertyValueSpecification","valueRequired":true,"valueName":"search_term_string"}}],"inLanguage":"de-AT"},{"@type":"Organization","@id":"https:\/\/staging.mrssporty.at\/club\/mistelbach\/#organization","name":"Mrs.Sporty Club Mistelbach","url":"https:\/\/staging.mrssporty.at\/club\/mistelbach\/","logo":{"@type":"ImageObject","inLanguage":"de-AT","@id":"https:\/\/staging.mrssporty.at\/club\/mistelbach\/#\/schema\/logo\/image\/","url":"https:\/\/staging.mrssporty.at\/club\/mistelbach\/wp-content\/uploads\/sites\/126\/2023\/04\/Logo-Sporty.svg","contentUrl":"https:\/\/staging.mrssporty.at\/club\/mistelbach\/wp-content\/uploads\/sites\/126\/2023\/04\/Logo-Sporty.svg","caption":"Mrs.Sporty Club Mistelbach"},"image":{"@id":"https:\/\/staging.mrssporty.at\/club\/mistelbach\/#\/schema\/logo\/image\/"}}]}},"_links":{"self":[{"href":"https:\/\/staging.mrssporty.at\/club\/mistelbach\/wp-json\/wp\/v2\/pages\/1588","targetHints":{"allow":["GET"]}}],"collection":[{"href":"https:\/\/staging.mrssporty.at\/club\/mistelbach\/wp-json\/wp\/v2\/pages"}],"about":[{"href":"https:\/\/staging.mrssporty.at\/club\/mistelbach\/wp-json\/wp\/v2\/types\/page"}],"author":[{"embeddable":true,"href":"https:\/\/staging.mrssporty.at\/club\/mistelbach\/wp-json\/wp\/v2\/users\/3"}],"replies":[{"embeddable":true,"href":"https:\/\/staging.mrssporty.at\/club\/mistelbach\/wp-json\/wp\/v2\/comments?post=1588"}],"version-history":[{"count":24,"href":"https:\/\/staging.mrssporty.at\/club\/mistelbach\/wp-json\/wp\/v2\/pages\/1588\/revisions"}],"predecessor-version":[{"id":3410,"href":"https:\/\/staging.mrssporty.at\/club\/mistelbach\/wp-json\/wp\/v2\/pages\/1588\/revisions\/3410"}],"wp:featuredmedia":[{"embeddable":true,"href":"https:\/\/staging.mrssporty.at\/club\/mistelbach\/wp-json\/wp\/v2\/media\/3088"}],"wp:attachment":[{"href":"https:\/\/staging.mrssporty.at\/club\/mistelbach\/wp-json\/wp\/v2\/media?parent=1588"}],"curies":[{"name":"wp","href":"https:\/\/api.w.org\/{rel}","templated":true}]}}